{"id":2014652,"date":"2011-10-21T18:29:18","date_gmt":"2011-10-21T14:29:18","guid":{"rendered":"https:\/\/www.hallodubai.com\/?page_id=2014652"},"modified":"2024-03-09T23:48:45","modified_gmt":"2024-03-09T19:48:45","slug":"%d8%b4%d9%82%d8%a9-%d8%a8%d8%a7%d9%84%d9%85%d8%af%d9%8a%d9%86%d8%a9","status":"publish","type":"page","link":"https:\/\/www.hallodubai.com\/ar\/%d8%b4%d9%82%d8%a9-%d8%a8%d8%a7%d9%84%d9%85%d8%af%d9%8a%d9%86%d8%a9\/","title":{"rendered":"\u0634\u0642\u0629 \u0628\u0627\u0644\u0645\u062f\u064a\u0646\u0629"},"content":{"rendered":"<p align=\"center\"><img decoding=\"async\" loading=\"lazy\" class=\"alignleft\" style=\"margin-left: 10px; margin-right: 10px;\" src=\"https:\/\/www.hallodubai.com\/images\/apartment\/place\/THE%20PLACE%20Dubai%20Exterior%20Image.jpg\" alt=\"Au\u00dfenansicht\" width=\"194\" height=\"284\" title=\"\"><noscript><img decoding=\"async\" class=\"alignleft\" style=\"margin-left: 10px; margin-right: 10px;\" src=\"https:\/\/www.hallodubai.com\/images\/apartment\/place\/THE%20PLACE%20Dubai%20Exterior%20Image.jpg\" alt=\"Au\u00dfenansicht\" width=\"194\" height=\"284\" title=\"\"><\/noscript><\/p>\n<p>Wenn Sie in Dubai eine Alternative suchen zu einem Hotelzimmer mit gehobenem Standard, sind Sie hier genau richtig. Es gibt immer mehr Gesch\u00e4ftsleute, Unternehmer oder Weltenbummler, die keine Lust darauf haben in Hotels zu wohnen oder ganz einfach die teilweise teuren Hotelkosten in Dubai umgehen wollen, ohne dabei auf einen gehobenen Standard und eine gesch\u00fctzte Privatsph\u00e4re verzichten zu wollen.<span style=\"text-decoration: underline;\"><strong> Die Mindestmietdauer betr\u00e4gt bei einer Miete \u00fcber uns einen Monat. Wenn Sie weniger lang als einen Monat mieten m\u00f6chten, dann finden Sie Angebote im Men\u00fcpunkt &#8220;Dubai Infos&#8221; und dann &#8220;Reiseplanung&#8221;.<br \/>\n<\/strong><\/span><\/p>\n<p>Seit September 2009 haben wir diese Hotelwohnungen in unmittelbarer N\u00e4he der Messehallen im Angebot (Dubai International Exhibition Centre). Der topmoderne Wolkenkratzer liegt ganz zenral auf der Shk Zayed Road und ist mittels einer Fu\u00dfg\u00e4ngerpassage mit den Ausstellungshallen verbunden. Zudem liegt auch die Metrostation direkt gegen\u00fcber vom Hotelapartment. Die Wohnungen, teilweise mit Meerblick, bieten fantastische Ausblicke \u00fcber ganz Jumeirah und das Meer.<\/p>\n<p>Das Hotelapartment liegt direkt auf der Sheikh Zayed Road, nur wenige Gehminuten vom Crowne Plaza Hotel entfernt. Im Crowne Plaza Hotel befindet sich auch der n\u00e4chste gr\u00f6\u00dfere Supermarkt. Der 60-st\u00f6ckige Wolkenkratzer liegt direkt im Herzen der Stadt und gegen\u00fcber der Metrostation. Das Aparthotel bietet 118 luxuri\u00f6se Nichtrauerwohnungen mit entweder 1, 2 oder 3 Schlafzimmern. Die Ausblicke sind je nach Lage der Wohnung entweder auf die pulsierend Sheikh Zayed Road oder auf die Meeresseite.<\/p>\n<p>Die Wohnungen sind komplett m\u00f6bliert und ausgestattet, inkl. aller K\u00fccheneinrichtungen komplett mit Waschmaschine \/ Trockner und Geschirrsp\u00fcler. Geschirr, Klimaanlage, Safe, iPod Dock mit Alarm, Telefon, Bettw\u00e4sche, Badem\u00e4ntel und Badet\u00fccher stehen ebenfalls zur Verf\u00fcgung. Die zu den Wohnungen geh\u00f6renden Parkpl\u00e4tze in der Tiefgarage k\u00f6nnen ebenfalls kostenlos genutzt werden. Au\u00dferdem sind die Wohnungen mit Flatscreen TV&#8217;s ausgestattet die Satelliten-TV empfangen.<\/p>\n<p align=\"center\"><img decoding=\"async\" loading=\"lazy\" class=\"alignright\" style=\"margin-left: 10px; margin-right: 10px;\" src=\"https:\/\/www.hallodubai.com\/images\/apartment\/place\/shkzayed.jpg\" alt=\"Lage\" width=\"200\" height=\"250\" title=\"\"><noscript><img decoding=\"async\" class=\"alignright\" style=\"margin-left: 10px; margin-right: 10px;\" src=\"https:\/\/www.hallodubai.com\/images\/apartment\/place\/shkzayed.jpg\" alt=\"Lage\" width=\"200\" height=\"250\" title=\"\"><\/noscript><\/p>\n<p>Zudem gibt es ein hauseigenes, 40 Meter langes Schwimmbad, ein Fitnesscenter (kostenlose Nutzung), Dampfbad, Sauna und Beauty Salon. Das Haus wird zudem rund um die Uhr von Sicherheitsbeamten an der Rezeption am Eingang bewacht. Unbefugte Leute haben keinen Zutritt. Auch ein gut ausgestattetes Business Centre bietet den Gesch\u00e4ftsleuten jegliche Dienstleistungen. Im Erdgescho\u00df befindet sich ein nettes kleines Cafe \/ Bistro, das auch den Room-Service in den Wohnungen bewerkstelligt.<\/p>\n<p><strong>Ideale Lage:<\/strong> Direkt an der Sheikh Zayed Road. Fu\u00dfg\u00e4ngerbr\u00fccke vor dem Haus verbindet zur Dubai Metro und direkt hinter der Metrostation befinden sich Dubais Messehallen.<\/p>\n<table border=\"0\" width=\"200\">\n<tbody>\n<tr>\n<td><img decoding=\"async\" loading=\"lazy\" src=\"https:\/\/www.hallodubai.com\/images\/apartment\/place\/IMAGE_108.jpg\" alt=\"Salon\" width=\"298\" height=\"215\" title=\"\"><noscript><img decoding=\"async\" src=\"https:\/\/www.hallodubai.com\/images\/apartment\/place\/IMAGE_108.jpg\" alt=\"Salon\" width=\"298\" height=\"215\" title=\"\"><\/noscript><\/td>\n<td><img decoding=\"async\" loading=\"lazy\" src=\"https:\/\/www.hallodubai.com\/images\/apartment\/place\/IMAGE_096.jpg\" alt=\"\" width=\"298\" height=\"215\" title=\"\"><noscript><img decoding=\"async\" src=\"https:\/\/www.hallodubai.com\/images\/apartment\/place\/IMAGE_096.jpg\" alt=\"\" width=\"298\" height=\"215\" title=\"\"><\/noscript><\/td>\n<\/tr>\n<tr>\n<td><img decoding=\"async\" loading=\"lazy\" src=\"https:\/\/www.hallodubai.com\/images\/apartment\/place\/IMAGE_097.jpg\" alt=\"Wohnlandschaft\" width=\"298\" height=\"215\" title=\"\"><noscript><img decoding=\"async\" src=\"https:\/\/www.hallodubai.com\/images\/apartment\/place\/IMAGE_097.jpg\" alt=\"Wohnlandschaft\" width=\"298\" height=\"215\" title=\"\"><\/noscript><\/td>\n<td><img decoding=\"async\" loading=\"lazy\" src=\"https:\/\/www.hallodubai.com\/images\/apartment\/place\/IMAGE_106.jpg\" alt=\"Ausblick Meeresseite\" width=\"298\" height=\"215\" title=\"\"><noscript><img decoding=\"async\" src=\"https:\/\/www.hallodubai.com\/images\/apartment\/place\/IMAGE_106.jpg\" alt=\"Ausblick Meeresseite\" width=\"298\" height=\"215\" title=\"\"><\/noscript><\/td>\n<\/tr>\n<tr>\n<td>\n<div align=\"center\"><img decoding=\"async\" loading=\"lazy\" src=\"https:\/\/www.hallodubai.com\/images\/apartment\/place\/IMAGE_102.jpg\" alt=\"Bad\" width=\"298\" height=\"215\" title=\"\"><noscript><img decoding=\"async\" src=\"https:\/\/www.hallodubai.com\/images\/apartment\/place\/IMAGE_102.jpg\" alt=\"Bad\" width=\"298\" height=\"215\" title=\"\"><\/noscript><\/div>\n<\/td>\n<td>\n<div align=\"center\"><img decoding=\"async\" loading=\"lazy\" src=\"https:\/\/www.hallodubai.com\/images\/apartment\/place\/IMAGE_104.jpg\" alt=\"Badezimmer\" width=\"298\" height=\"215\" title=\"\"><noscript><img decoding=\"async\" src=\"https:\/\/www.hallodubai.com\/images\/apartment\/place\/IMAGE_104.jpg\" alt=\"Badezimmer\" width=\"298\" height=\"215\" title=\"\"><\/noscript><\/div>\n<\/td>\n<\/tr>\n<tr>\n<td>\n<div align=\"center\"><img decoding=\"async\" loading=\"lazy\" src=\"https:\/\/www.hallodubai.com\/images\/apartment\/place\/IMAGE_100.jpg\" alt=\"Schlafzimmer\" width=\"298\" height=\"215\" title=\"\"><noscript><img decoding=\"async\" src=\"https:\/\/www.hallodubai.com\/images\/apartment\/place\/IMAGE_100.jpg\" alt=\"Schlafzimmer\" width=\"298\" height=\"215\" title=\"\"><\/noscript><\/div>\n<\/td>\n<td>\n<div align=\"center\"><img decoding=\"async\" loading=\"lazy\" src=\"https:\/\/www.hallodubai.com\/images\/apartment\/place\/IMAGE_101.jpg\" alt=\"Schlafzimmer Master\" width=\"298\" height=\"215\" title=\"\"><noscript><img decoding=\"async\" src=\"https:\/\/www.hallodubai.com\/images\/apartment\/place\/IMAGE_101.jpg\" alt=\"Schlafzimmer Master\" width=\"298\" height=\"215\" title=\"\"><\/noscript><\/div>\n<\/td>\n<\/tr>\n<tr>\n<td><img decoding=\"async\" loading=\"lazy\" src=\"https:\/\/www.hallodubai.com\/images\/apartment\/place\/IMAGE_103.jpg\" alt=\"K\u00fcche\" width=\"298\" height=\"215\" title=\"\"><noscript><img decoding=\"async\" src=\"https:\/\/www.hallodubai.com\/images\/apartment\/place\/IMAGE_103.jpg\" alt=\"K\u00fcche\" width=\"298\" height=\"215\" title=\"\"><\/noscript><\/td>\n<td><img decoding=\"async\" loading=\"lazy\" src=\"https:\/\/www.hallodubai.com\/images\/apartment\/place\/IMAGE_107.jpg\" alt=\"K\u00fcche \/ Essraum\" width=\"298\" height=\"215\" title=\"\"><noscript><img decoding=\"async\" src=\"https:\/\/www.hallodubai.com\/images\/apartment\/place\/IMAGE_107.jpg\" alt=\"K\u00fcche \/ Essraum\" width=\"298\" height=\"215\" title=\"\"><\/noscript><\/td>\n<\/tr>\n<tr>\n<td><img decoding=\"async\" loading=\"lazy\" src=\"https:\/\/www.hallodubai.com\/images\/apartment\/place\/IMAGE_098.jpg\" alt=\"Wohnzimmer\" width=\"298\" height=\"215\" title=\"\"><noscript><img decoding=\"async\" src=\"https:\/\/www.hallodubai.com\/images\/apartment\/place\/IMAGE_098.jpg\" alt=\"Wohnzimmer\" width=\"298\" height=\"215\" title=\"\"><\/noscript><\/td>\n<td><img decoding=\"async\" loading=\"lazy\" src=\"https:\/\/www.hallodubai.com\/images\/apartment\/place\/IMAGE_105.jpg\" alt=\"Esstisch\" width=\"298\" height=\"215\" title=\"\"><noscript><img decoding=\"async\" src=\"https:\/\/www.hallodubai.com\/images\/apartment\/place\/IMAGE_105.jpg\" alt=\"Esstisch\" width=\"298\" height=\"215\" title=\"\"><\/noscript><\/td>\n<\/tr>\n<tr>\n<td><img decoding=\"async\" loading=\"lazy\" src=\"https:\/\/www.hallodubai.com\/images\/apartment\/place\/pool.jpg\" alt=\"Pool\" width=\"298\" height=\"215\" title=\"\"><noscript><img decoding=\"async\" src=\"https:\/\/www.hallodubai.com\/images\/apartment\/place\/pool.jpg\" alt=\"Pool\" width=\"298\" height=\"215\" title=\"\"><\/noscript><\/td>\n<td><img decoding=\"async\" loading=\"lazy\" src=\"https:\/\/www.hallodubai.com\/images\/apartment\/place\/IMAGE_099.jpg\" alt=\"Ausblick Sonnenuntergang\" width=\"298\" height=\"215\" title=\"\"><noscript><img decoding=\"async\" src=\"https:\/\/www.hallodubai.com\/images\/apartment\/place\/IMAGE_099.jpg\" alt=\"Ausblick Sonnenuntergang\" width=\"298\" height=\"215\" title=\"\"><\/noscript><\/td>\n<\/tr>\n<tr>\n<td>\n<div align=\"center\"><img decoding=\"async\" loading=\"lazy\" src=\"https:\/\/www.hallodubai.com\/images\/apartment\/place\/Gymnasium.jpg\" alt=\"Fitnesscenter\" width=\"208\" height=\"297\" title=\"\"><noscript><img decoding=\"async\" src=\"https:\/\/www.hallodubai.com\/images\/apartment\/place\/Gymnasium.jpg\" alt=\"Fitnesscenter\" width=\"208\" height=\"297\" title=\"\"><\/noscript><\/div>\n<\/td>\n<td>\n<div align=\"center\"><img decoding=\"async\" loading=\"lazy\" src=\"https:\/\/www.hallodubai.com\/images\/apartment\/place\/IMAGE_109.jpg\" alt=\"Aussicht am Tag\" width=\"216\" height=\"302\" title=\"\"><noscript><img decoding=\"async\" src=\"https:\/\/www.hallodubai.com\/images\/apartment\/place\/IMAGE_109.jpg\" alt=\"Aussicht am Tag\" width=\"216\" height=\"302\" title=\"\"><\/noscript><\/div>\n<\/td>\n<\/tr>\n<\/tbody>\n<\/table>\n<p class=\"style2\"><strong>Wohnungen \/ Schlafzimmer:<\/strong> <strong>One Bedroom <\/strong> = Wohnung mit einem Schlafzimmer (Fl\u00e4che 85m2) mit einem King Size Bett. <strong>Two Bedroom <\/strong> &#8211; Wohnung mit zwei Schlafzimmern (Fl\u00e4che 119 m2). Ein Zimmer mit King Size Bett und das zweite Zimmer wahlweise mit einem Queen Size Bett oder zwei Twin Betten. <strong>Three Bedroom <\/strong>&#8211; Wohnung mit drei Schlafzimmern (Fl\u00e4che 220 m2). King Size Bett im Hauptschlafzimmer, Queen Size Bett im zweiten Zimmer und wahlweise ein Queen Size Bett oder zwei Twin Betten im dritten Schlafzimmer.<\/p>\n<p class=\"style2\"><strong>Mietpreise:<\/strong> alle Preise sind in emiratischen Dirhams (AED). Alle Preise sind PRO WOHNUNG &#8211; nicht pro Person. Einen W\u00e4hrungsrechner findet ihr <a class=\"blue_links\" href=\"https:\/\/www.hallodubai.com\/waehrungsumrechner.html\" target=\"_new\" rel=\"noopener\"><strong>hier<\/strong><\/a>. Es sind Wohnungen mit 1, 2 und 3 Schlafzimmern verf\u00fcgbar. Preise sind inklusive aller Steuern und Nebenkosten. Wenn Sie langfristig mieten m\u00f6chten (l\u00e4nger als 1 Monat), senden Sie uns eine Anfrage, damit wir Ihnen den bestm\u00f6glichsten Preis geben k\u00f6nnen.<\/p>\n<p class=\"style12\" align=\"center\">Check-in: 14.00 Uhr \/ Check-out: 12.00 Uhr<\/p>\n<p align=\"center\"><span class=\"style5\" style=\"color: #ff0000;\"><span class=\"style12 style14\"><strong>Preise (s. unten) g\u00fcltig bis 31.12.2013<\/strong><\/span><\/span><\/p>\n<p class=\"style13\" style=\"text-align: center;\" align=\"center\">WIFI in den Wohnungen inklusive. Preise inklusive aller Steuern und Nebenkosten.<\/p>\n<table border=\"0\" width=\"449\" align=\"center\">\n<tbody>\n<tr>\n<td bgcolor=\"#6699CC\" width=\"249\"><span class=\"style3\">Preise<\/span><\/td>\n<td width=\"99\"><strong>pro Monat <\/strong><\/td>\n<\/tr>\n<tr>\n<td class=\"style2\">1 bedroom Executive (2 Personen) 85 m2<\/td>\n<td class=\"style2\">\n<div align=\"right\">AED 20130<\/div>\n<\/td>\n<\/tr>\n<tr>\n<td class=\"style2\">2 bedroom Executive (4 Personen) 119 m2<\/td>\n<td class=\"style2\">\n<div align=\"right\">AED 25630<\/div>\n<\/td>\n<\/tr>\n<tr>\n<td class=\"style2\" style=\"text-align: center;\">3 bedroom Premier (6 Personen) 220 m2<\/td>\n<td class=\"style2\">\n<div style=\"text-align: center;\" align=\"right\">\u00a0\u00a0\u00a0\u00a0\u00a0\u00a0\u00a0\u00a0\u00a0\u00a0 \u00a0 \u00a0 AED 30580<\/div>\n<\/td>\n<\/tr>\n<\/tbody>\n<\/table>\n<p><span class=\"style6\">Interessiert? Schicken Sie uns eine <\/span><span class=\"style9 style10\"><a class=\"blue_links\" href=\"mailto:%20info@hallodubai.com\">Email <\/a><\/span><span class=\"style6\">mit den gew\u00fcnschten Reiseterminen und Anzahl Personen. <\/span><\/p>\n","protected":false},"excerpt":{"rendered":"<p>Wenn Sie in Dubai eine Alternative suchen zu einem Hotelzimmer mit gehobenem Standard, sind Sie hier genau richtig. Es gibt immer mehr Gesch\u00e4ftsleute, Unternehmer oder Weltenbummler, die keine Lust darauf haben in Hotels zu wohnen oder ganz einfach die teilweise teuren Hotelkosten in Dubai umgehen wollen, ohne dabei auf einen gehobenen Standard und eine gesch\u00fctzte Privatsph\u00e4re verzichten zu wollen. Die Mindestmietdauer betr\u00e4gt bei einer Miete \u00fcber uns einen Monat. Wenn Sie weniger lang als einen Monat mieten m\u00f6chten, dann finden [&hellip;]<\/p>\n","protected":false},"author":1,"featured_media":0,"parent":0,"menu_order":0,"comment_status":"closed","ping_status":"open","template":"","meta":{"footnotes":""},"class_list":["post-2014652","page","type-page","status-publish","hentry"],"_links":{"self":[{"href":"https:\/\/www.hallodubai.com\/ar\/wp-json\/wp\/v2\/pages\/2014652","targetHints":{"allow":["GET"]}}],"collection":[{"href":"https:\/\/www.hallodubai.com\/ar\/wp-json\/wp\/v2\/pages"}],"about":[{"href":"https:\/\/www.hallodubai.com\/ar\/wp-json\/wp\/v2\/types\/page"}],"author":[{"embeddable":true,"href":"https:\/\/www.hallodubai.com\/ar\/wp-json\/wp\/v2\/users\/1"}],"replies":[{"embeddable":true,"href":"https:\/\/www.hallodubai.com\/ar\/wp-json\/wp\/v2\/comments?post=2014652"}],"version-history":[{"count":1,"href":"https:\/\/www.hallodubai.com\/ar\/wp-json\/wp\/v2\/pages\/2014652\/revisions"}],"predecessor-version":[{"id":2014653,"href":"https:\/\/www.hallodubai.com\/ar\/wp-json\/wp\/v2\/pages\/2014652\/revisions\/2014653"}],"wp:attachment":[{"href":"https:\/\/www.hallodubai.com\/ar\/wp-json\/wp\/v2\/media?parent=2014652"}],"curies":[{"name":"wp","href":"https:\/\/api.w.org\/{rel}","templated":true}]}}