{"id":2014640,"date":"2011-10-17T20:49:38","date_gmt":"2011-10-17T16:49:38","guid":{"rendered":"https:\/\/www.hallodubai.com\/?page_id=2014640"},"modified":"2024-03-09T23:43:30","modified_gmt":"2024-03-09T19:43:30","slug":"%d8%aa%d8%a3%d8%b3%d9%8a%d8%b3-%d8%b4%d8%b1%d9%83%d8%a9-%d8%ae%d8%a7%d8%b1%d8%ac%d9%8a%d8%a9","status":"publish","type":"page","link":"https:\/\/www.hallodubai.com\/ar\/%d8%aa%d8%a3%d8%b3%d9%8a%d8%b3-%d8%b4%d8%b1%d9%83%d8%a9-%d8%ae%d8%a7%d8%b1%d8%ac%d9%8a%d8%a9\/","title":{"rendered":"\u062a\u0623\u0633\u064a\u0633 \u0634\u0631\u0643\u0629 \u062e\u0627\u0631\u062c\u064a\u0629"},"content":{"rendered":"<p><img decoding=\"async\" loading=\"lazy\" src=\"https:\/\/www.hallodubai.com\/images\/offshore\/rakialogo.jpg\" alt=\"\" width=\"163\" height=\"51\" align=\"left\" title=\"\"><noscript><img decoding=\"async\" src=\"https:\/\/www.hallodubai.com\/images\/offshore\/rakialogo.jpg\" alt=\"\" width=\"163\" height=\"51\" align=\"left\" title=\"\"><\/noscript><span class=\"style2\">Das Emirat Ras Al Khaimah ist ein Newcomer in der internationalen Offshore-Szene und macht allen bisher bekannten Offshore-Zentren wie den British Virgin Islands (BVI),<\/span> Panama, Seychellen, Hong Kong oder Zypern etc. Konkurrenz.<\/p>\n<p class=\"style2\" align=\"left\">Die<strong> RAK-IA (Ras Al Khaimah Investment Authority)<\/strong>, die das Offshore-Register f\u00fchrt, ist die Investmentbeh\u00f6rde des Emirats Ras Al Khaimah; es handelt sich also um ein Regierungsamt und nicht um eine private Firma.<\/p>\n<p align=\"center\"><img decoding=\"async\" loading=\"lazy\" class=\"alignleft\" style=\"margin-left: 10px; margin-right: 10px;\" src=\"https:\/\/www.hallodubai.com\/images\/offshore\/rakmap.jpg\" alt=\"\" width=\"174\" height=\"90\" title=\"\"><noscript><img decoding=\"async\" class=\"alignleft\" style=\"margin-left: 10px; margin-right: 10px;\" src=\"https:\/\/www.hallodubai.com\/images\/offshore\/rakmap.jpg\" alt=\"\" width=\"174\" height=\"90\" title=\"\"><\/noscript><\/p>\n<p class=\"style2\" align=\"left\">Ras Al Khaimah ist eines der sieben Emirate der VAE und ist von Dubai aus in rund 60 Autominuten zu erreichen. Offshore-Firmen wurden in den VAE bisher nur in Jebel Ali \/ Dubai angeboten. Der finanzielle und b\u00fcrokratische Aufwand ist allerdings in Ras Al Khaimah erheblich niedriger.<\/p>\n<p align=\"left\">Die Gr\u00fcndung einer Offshore-Firma (IBC oder auch International Business Company) bietet zahlreiche Vorteile, vorallem f\u00fcr <strong>Investitionen im Immobilienbereich<\/strong>. Sinnvoll ist diese Firmenform auch zum <strong>Schutz Ihres Privatverm\u00f6gens<\/strong>, zur <strong>Optimierung von Besteuerungen<\/strong>, f\u00fcr Markenrechte, zur <strong>Absicherung von Testamenten und Erbfragen<\/strong> oder zum Beispiel als<strong> Holdingfirma<\/strong> von weltweiten Niederlassungen. <strong>Eine Offshore-Company kann sich zudem an Firmen weltweit beteiligen. <\/strong>Eine Offshore-Firma die in den VAE gegr\u00fcndet wird, untersteht <strong>keinerlei Besteuerung in den VAE<\/strong>. Ob Sie die Firma jedoch an ihrem Wohnsitzort versteuern m\u00fcssen und in welcher Form, besprechen Sie am besten vor einer Offshore-Gr\u00fcndung mir Ihrem Steuerberater. Bitte beachten Sie, da\u00df wir KEINE Steuerberatung anbieten. Die VAE Offshorefirma muss auch <strong>keine Buchhaltung<\/strong> abgeben noch muss ein Stammkapital einbezahlt werden.<\/p>\n<p align=\"left\">Eine Offshore-Firma ist immer anonym &#8211; die Gesellschafter werden nicht bekannt gegeben.<\/p>\n<p align=\"left\"><em><strong> <img decoding=\"async\" loading=\"lazy\" class=\"alignright\" src=\"https:\/\/www.hallodubai.com\/images\/offshore\/Image1.jpg\" alt=\"\" width=\"120\" height=\"135\" align=\"left\" title=\"\"><noscript><img decoding=\"async\" class=\"alignright\" src=\"https:\/\/www.hallodubai.com\/images\/offshore\/Image1.jpg\" alt=\"\" width=\"120\" height=\"135\" align=\"left\" title=\"\"><\/noscript><\/strong><\/em>Eine Offshore-Firma in Ras Al Khaimah bietet ein sehr gutes Preis-\/Leistungsverh\u00e4ltnis und eine sehr schnelle und unb\u00fcrokratische Registrierung. Offshore-Firmen (IBC&#8217;s) sind absolut legal und werden zunehmend von Einzelpersonen als auch bestehenden Firmen, als wirkungsvolles Instrument in der Verm\u00f6gensabsicherung genutzt. <strong>Eine Offshore-Firma ist NICHT zu verwechseln mit einer Firma in einer VAE-Freihandelszone.<\/strong><\/p>\n<p align=\"left\"><em><strong>Einige Fallbeispiele:<\/strong><\/em><\/p>\n<p align=\"left\">Herr X kauft eine Immobilie in der T\u00fcrkei. Er hat vor, diese nach 2-3 Monaten weiter zu verkaufen, da das Objekt voraussichtlich eine sehr hohe Wertsteigerung verzeichnen wird. Der Bautr\u00e4ger erlaubt jedoch den Wiederverkauf der Immbilie erst, wenn 30% des Immobilienpreises bezahlt wurde. Herr X gr\u00fcndet eine Offshore-Firma und kauft die Immobilie auf den Namen der Firma. Nach zwei Monaten findet er einen K\u00e4ufer f\u00fcr seine Immobilie und verkauft diesem seine Offshore-Firma (und damit die Immobilie). F\u00fcr den Bautr\u00e4ger hat kein Verkauf stattgefunden, denn der Eigner ist immer noch die selbe Firma.<\/p>\n<p align=\"left\">Frau X kauft sich ihre Traumimmobilie am Strand von Teneriffa. Sie hat ihr ganzes Verm\u00f6gen in das Objekt gesteckt und m\u00f6chte, dass die Immobilie nach ihrem Tod an ihre Nachbarin vererbt wird. Da sie sich aber nicht auf die lokalen Erbgesetze verlassen will und einen Erbstreit im Voraus vermeiden will, gr\u00fcndet sie eine Offshore-Firma die wiederum die Immobilie erwirbt. Im Gesellschaftervertrag wird ihre Nachbarin als Erbin der Firma eingesetzt und damit erbt sie automatisch die Immobilie.<\/p>\n<p align=\"left\"><img decoding=\"async\" loading=\"lazy\" src=\"https:\/\/www.hallodubai.com\/images\/offshore\/dv1341096.jpg\" alt=\"\" width=\"187\" height=\"127\" align=\"left\" title=\"\"><noscript><img decoding=\"async\" src=\"https:\/\/www.hallodubai.com\/images\/offshore\/dv1341096.jpg\" alt=\"\" width=\"187\" height=\"127\" align=\"left\" title=\"\"><\/noscript>Fra<span class=\"style2\">u Y hat eine Internet-Firma. Sie hat keine Angestellten und erwirtschaftet ihren Gewinn von jedem beliebigen Internetanschluss auf dem Planeten. Sie m\u00f6chte ihre Steuersituation verbessern und gr\u00fcndet nach Absprache mit ihrem Steuerberater eine Offshore-Firma, die ihre bestehende Firma aufkauft.<\/span><\/p>\n<p align=\"left\">Frau Y hat eine gro\u00dfe Summe Geld geerbt und m\u00f6chte diese Summe nun in einer steuerfreien Zone anlegen. Sie l\u00e4\u00dft eine Offshore-Firma gr\u00fcnden und &#8220;parkt&#8221; ihr Geld auf dem Firmenkonto.<\/p>\n<p align=\"left\"><span class=\"style2\">Herr X besitzt mehrere Fabriken weltweit und sein bisheriges Head-Office war in Singapur. Um die internati<\/span>onale Steuersituation f\u00fcr die zahlreichen bestehenden Firmen zu vereinfachen und zu optimieren, gr\u00fcndet er eine Offshore-Firma, die als neue Holding-Firma f\u00fcr alle seine bestehenden Firmen agiert. Da die VAE Doppelbesteuerungsabkommen mit zahlreichen Nationen abgeschlossen haben, kann er dadurch sehr viel Geld einsparen mit seinem globalen Unternehmen. Die VAE hat zur Zeit Doppelbesteuerungsabkommen mit mehr als 48 Staaten unterzeichnet.<\/p>\n<p align=\"left\">Frau Y m\u00f6chte sich in London eine Eigentumswohnung kaufen. Sie wei\u00df, dass sie als Privatperson sehr hohe Steuern in England bezahlen muss, wenn sie Eigentum erwirbt, als auch wenn sie es verkauft. Um die Besteuerung zu optimieren, gr\u00fcndet sie vor dem Kauf eine Offshore-Firma in Ras Al Khaimah. Die Eigentumswohnung in London wird von der Offshore-Firma gekauft und unterliegt somit einem komplett anderen Steuersatz, als wenn sie diese als Privatperson erworben h\u00e4tte.<\/p>\n<p align=\"left\">Frau Y ist eine professionelle Forex &#8211; und Aktientraderin. Sie erwirtschaftet ihren Lebensunterhalt durch das online-traden von Devisen und Aktien. Sie braucht f\u00fcr ihre Arbeit lediglich ein Laptop und kann weltweit ihrer Arbeit nachgehen. Um ihre private Steurlage zu optimieren gr\u00fcndet sie eine Offshor-Firma, in derer Namen von dem Zeitpunkt an alle Aktivit\u00e4ten laufen werden.<\/p>\n<table border=\"0\" width=\"488\" align=\"center\">\n<tbody>\n<tr bgcolor=\"#6699CC\">\n<td class=\"style6\" width=\"403\"><strong>Kosten Gr\u00fcndungsjahr <\/strong><\/td>\n<td width=\"69\"><\/td>\n<\/tr>\n<tr>\n<td class=\"style2\">Inkl. Lizenz der zust\u00e4ndigen Beh\u00f6rde, Gr\u00fcndungszertifikat, Gesellschaftervertrag, B\u00fcroadresse bzw. Repr\u00e4sentantenadresse, Aktienzertifikat, Gr\u00fcndungsprotokoll, Firmenstempel. 5 Stunden Administrationsaufwand inklusive. (* Es entstehen keine weitere Kosten wie z.B. B\u00fcromiete etc.)<\/td>\n<td class=\"style2\"><strong> AED 18300*<\/strong><\/td>\n<\/tr>\n<tr>\n<td class=\"style2\">Ebenfalls inklusive in den Kosten:<\/td>\n<\/tr>\n<\/tbody>\n<\/table>\n<p>Kontaktvermittlung zur Er\u00f6ffnung eines Online-Bankkontos f\u00fcr die Firma bei einer in Dubai sitzenden Bank. (s. Fragen und Antworten weiter unten)<\/p>\n<table border=\"0\" width=\"488\" align=\"center\">\n<tbody>\n<tr bgcolor=\"#6699CC\">\n<td class=\"style6\" width=\"400\"><strong>Kosten pro Folgejahr <\/strong><\/td>\n<td width=\"72\"><\/td>\n<\/tr>\n<tr>\n<td class=\"style2\">Inkl. Erneuerung Lizenz der zust\u00e4ndigen Beh\u00f6rde, B\u00fcroadresse bzw. Repr\u00e4sentantenadresse, Erneuerung des Firmeneintrags im Register<\/td>\n<td class=\"style2\"><strong> AED 11000<\/strong><\/td>\n<\/tr>\n<tr>\n<td class=\"style2\"><em><strong>Zusatsdienstleistungen auf Wunsch:<\/strong><\/em><\/td>\n<\/tr>\n<\/tbody>\n<\/table>\n<p>Bereiststellung eines Firmendirektors (nominell)\u00a0 AED 8000 pro Jahr<br \/>\nBereitstellung eines Gesellschafters (nominell) \u00a0\u00a0\u00a0\u00a0 AED 5500 pro Jahr<br \/>\nVirtual Office Services (Eigene Telefonnummer, Fax etc.) AED 15000 pro Jahr<\/p>\n<p align=\"center\"><a title=\"W\u00e4hrungsumrechner\" href=\"https:\/\/hallodubai.com\/waehrungsumrechner.html\" target=\"_blank\" rel=\"noopener\">Aktuelle Wechselkurse findet man hier.<\/a><\/p>\n<p align=\"center\">[box type=&#8221;info&#8221; style=&#8221;rounded&#8221;]<span style=\"color: #000080;\"><strong>Ben\u00f6tigte Dokumente zur Er\u00f6ffnung einer Offshore-Firma als Privatperson: <\/strong><\/span><\/p>\n<p align=\"center\">Kopie des Reisepasses, Bankreferenz auf Englisch, Antragsschreiben zur Gr\u00fcndung einer Offshore-Firma, Nachweis des Wohnsitzes (z.B. Elektrizit\u00e4ts- oder Telefonrechnung) [\/box]<\/p>\n<p align=\"left\">Das Mindestalter f\u00fcr Direktoren und Gesellschafter ist 18 Jahre. Wenn eine Firma mehrere Gesellschafter hat, dann m\u00fcssen die obigen Dokumenten von allen Gesellschaftern eingereicht werden. Eine Offshore-Firma kann auch als juristische Person gegr\u00fcndet werden, allerdings ist dies viel komplizierter, als wenn man diese als nat\u00fcrliche Person gr\u00fcndet.<\/p>\n<p class=\"blue_links\" align=\"left\"><a href=\"https:\/\/www.hallodubai.com\/RAK_Offshore_Regulations\" target=\"_new\" rel=\"noopener\"><strong>Hier k\u00f6nnen Sie die Offshore-Regulierung lesen (auf Englisch). <\/strong><\/a><\/p>\n<p align=\"left\"><a class=\"blue_links\" href=\"mailto:%20info@hallodubai.com\">Schicken Sie uns noch heute Ihre Anfrage. Wir haben deutschsprachige Mitarbeiter, die Ihre Email umgehend bearbeiten werden. Kontaktieren Sie uns<\/a>. Alle Anfragen werden mit absoluter Diskretion bearbeitet. <img decoding=\"async\" loading=\"lazy\" src=\"https:\/\/www.hallodubai.com\/images\/offshore\/200148728-001.jpg\" alt=\"\" width=\"267\" height=\"157\" align=\"right\" title=\"\"><noscript><img decoding=\"async\" src=\"https:\/\/www.hallodubai.com\/images\/offshore\/200148728-001.jpg\" alt=\"\" width=\"267\" height=\"157\" align=\"right\" title=\"\"><\/noscript><\/p>\n<p><em><span class=\"style8\"><strong>Kann ich die Offshore-Firma auch selbst bei den Beh\u00f6rden gr\u00fcnden?<\/strong><\/span><\/em> Nein, das ist leider nicht m\u00f6glich. Das Offshore-Register nimmt nur Anmeldungen entgegen, die \u00fcber authorisierte Firmen und Agenturen eingereicht werden.<\/p>\n<p><em><span class=\"style8\"><strong>Kann man mit einer Offshore &#8211; Firma in den VAE Ware einkaufen und sie ins Ausland verkaufen?<\/strong><\/span><\/em> Mit einer in den VAE erworbenen Offshore-Firma kann man weltweit Handel betreiben, au\u00dfer in den Emiraten.<\/p>\n<p><em><span class=\"style8\"><strong>Welche Firmenformen k\u00f6nnen gegr\u00fcndet werden?<\/strong><\/span><\/em> Limited (Ltd.). Bitte beachten Sie, dass die Firmenbezeichnung ein Teil des Namens der Firma ist. Alle Offshore-Firmen sind IBC&#8217;s, also International Business Companies, unabh\u00e4ngig von der angegebenen Firmenform.<\/p>\n<p><em><span class=\"style8\"><strong>Kann man eine bereits existierende Offshore-Firma von einem anderen Land in die VAE &#8220;umziehen&#8221;?<\/strong><\/span><\/em> Ja, ein sogenanntes &#8220;redomicile&#8221; ist in den VAE legal.<\/p>\n<p><em><span class=\"style8\"><strong>Wie lange dauert eine Offshore-Firmengr\u00fcndung?<\/strong><\/span><\/em> 2-3 Arbeitstage.<\/p>\n<p><em><span class=\"style8\"><strong>Muss man f\u00fcr die Offshore-Firmengr\u00fcndung pers\u00f6nlich anwesend sein?<\/strong><\/span><\/em> Nein, alles kann per Post- oder Email Verkehr abgewickelt werden.<\/p>\n<p><em><span class=\"style8\"><strong>Braucht man ein B\u00fcro in den VAE um eine Offshore-Firma zu gr\u00fcnden ?<\/strong><\/span><\/em> Nein.<\/p>\n<p><em><span class=\"style8\"><strong>Braucht man als Gesellschafter ein Residenzvisum f\u00fcr die VAE?<\/strong><\/span><\/em> Nein. Man kann mit der Firma auch kein Residenzvisum f\u00fcr die VAE beantragen, selbst wenn man dies wollte.<\/p>\n<p><em><span class=\"style8\"><strong><img decoding=\"async\" loading=\"lazy\" src=\"https:\/\/www.hallodubai.com\/images\/offshore\/1341041.jpg\" alt=\"\" width=\"195\" height=\"137\" align=\"left\" title=\"\"><noscript><img decoding=\"async\" src=\"https:\/\/www.hallodubai.com\/images\/offshore\/1341041.jpg\" alt=\"\" width=\"195\" height=\"137\" align=\"left\" title=\"\"><\/noscript>M\u00fcssen die Dokumente zur Gesellschaftsgr\u00fcndung von der VAE-Botschaft in meinem Wohnland oder vom Au\u00dfenministerium beglaubigt und notarisiert werden?<\/strong><\/span><\/em> Nein.<\/p>\n<p><em><span class=\"style8\"><strong> Wie viele Gesellschafter muss die Firma mindestens haben?<\/strong><\/span><\/em> Mindestens einen. Der Gesellschafter und der Direktor kann die selbe Person sein.<\/p>\n<div align=\"left\">\n<p><em><span class=\"style8\"><strong>Muss ein Stammkapital einbezahlt werden?<\/strong><\/span><\/em> Nein. Inhaberaktien (bearer shares) sind jedoch nicht gestattet.<\/p>\n<p><em><span class=\"style8\"><strong>Kann ich auch eine Offshore-Bank oder eine Offshore-Versicherung gr\u00fcnden?<\/strong><\/span><\/em> Nein, das ist bisher leider noch nicht m\u00f6glich.<\/p>\n<p><em><span class=\"style8\"><strong>Ich m\u00f6chte mir mit der Offshore-Firma eine Immobilie in Dubai kaufen. Ist es 100% sicher da\u00df das Grundbuchregister einen solchen Kauf akzeptiert?<\/strong><\/span><\/em> Seit 2011 gibt es eine neue Regelung in Dubai, derzufolge das Grundbuch von Fall zu Fall entscheidet. Das Offshore Register erlaubt ausdr\u00fccklich den Kauf von Immobilien im In- und Ausland aber wie gesagt &#8211; in Dubai entscheidet letztendlich das Grundbuchamt.<\/p>\n<p><em><span class=\"style8\"><strong>Muss ich zur Er\u00f6ffnung des Bankkontos pers\u00f6nlich anwesend sein?<\/strong><\/span><\/em> Ja, au\u00dfer man stellt eine Vollmacht aus, die allerdings beglaubigt und notarisiert werden muss. (VAE-Botschaft in Ihrem Wohnland und Au\u00dfenmisterium). Meistens is es jedoch g\u00fcnstiger und wesentlich schneller, selber kurz in die VAE zu reisen. Ein Bankkonto kann auch ohne Ihre Pr\u00e4senz er\u00f6ffnet werden, wenn Sie die Bereitstellung des Firmendirektors durch uns beantragen (siehe Kosten in obiger Tabelle).<\/p>\n<p><em><span class=\"style8\"><strong>Wird das Bankkonto in Ras Al Khaimah er\u00f6ffnet?<\/strong><\/span><\/em> Der Kunde kann aber selber bestimmen, bei welcher Bank er ein Konto haben m\u00f6chte. Zu beachten gilt aber, da\u00df nicht alle Banken Konti f\u00fcr Offshore Firmen er\u00f6ffnen und da\u00df die Gr\u00fcndungskonditionen sehr unterschiedlich sind. Wir vermitteln die Kontakte zu den Banken, haben aber keinerlei Einfluss darauf, ob die Bank das Konto genehmigt und in welchem Zeitrahmen.<\/p>\n<p><em><span class=\"style8\"><strong>Ich kann nach Offshore-Gr\u00fcndung ein Firmenkonto mit Online-Verwaltung beantragen. Erhalte ich auch eine Kreditkarte oder Bankomatkarte zum Konto?<\/strong><\/span><\/em> Das kommt auf die Bank an. Manche Banken geben eine Kreditkarte bzw. Bankomatkarte aber daf\u00fcr muss man ein gr\u00f6\u00dferes Guthaben auf dem Konto haben oder ein Fixed Deposit.<\/p>\n<p><span class=\"blue_links\"><a class=\"blue_links\" href=\"mailto:%20info@hallodubai.com\">Schicken Sie uns noch heute Ihre Anfrage. Wir haben deutschsprachige MItarbeiter, die Ihre Email umgehend bearbeiten werden. Kontaktieren Sie uns<\/a>. Alle Anfragen werden mit absoluter Diskretion bearbeitet. Bitte beachten Sie generell, da\u00df die Beh\u00f6rde, die Offshore-Lizenzen vergibt, jederzeit ihre Konditionen \u00e4ndern kann. Wir haben darauf keinerlei Einfluss. <\/span><\/p>\n<p>Besuchen Sie unsere<strong> Firmen-Website.<\/strong><\/p>\n<\/div>\n","protected":false},"excerpt":{"rendered":"<p>Das Emirat Ras Al Khaimah ist ein Newcomer in der internationalen Offshore-Szene und macht allen bisher bekannten Offshore-Zentren wie den British Virgin Islands (BVI), Panama, Seychellen, Hong Kong oder Zypern etc. Konkurrenz. Die RAK-IA (Ras Al Khaimah Investment Authority), die das Offshore-Register f\u00fchrt, ist die Investmentbeh\u00f6rde des Emirats Ras Al Khaimah; es handelt sich also um ein Regierungsamt und nicht um eine private Firma. Ras Al Khaimah ist eines der sieben Emirate der VAE und ist von Dubai aus in [&hellip;]<\/p>\n","protected":false},"author":1,"featured_media":0,"parent":0,"menu_order":0,"comment_status":"open","ping_status":"open","template":"","meta":{"footnotes":""},"class_list":["post-2014640","page","type-page","status-publish","hentry"],"_links":{"self":[{"href":"https:\/\/www.hallodubai.com\/ar\/wp-json\/wp\/v2\/pages\/2014640","targetHints":{"allow":["GET"]}}],"collection":[{"href":"https:\/\/www.hallodubai.com\/ar\/wp-json\/wp\/v2\/pages"}],"about":[{"href":"https:\/\/www.hallodubai.com\/ar\/wp-json\/wp\/v2\/types\/page"}],"author":[{"embeddable":true,"href":"https:\/\/www.hallodubai.com\/ar\/wp-json\/wp\/v2\/users\/1"}],"replies":[{"embeddable":true,"href":"https:\/\/www.hallodubai.com\/ar\/wp-json\/wp\/v2\/comments?post=2014640"}],"version-history":[{"count":2,"href":"https:\/\/www.hallodubai.com\/ar\/wp-json\/wp\/v2\/pages\/2014640\/revisions"}],"predecessor-version":[{"id":2014642,"href":"https:\/\/www.hallodubai.com\/ar\/wp-json\/wp\/v2\/pages\/2014640\/revisions\/2014642"}],"wp:attachment":[{"href":"https:\/\/www.hallodubai.com\/ar\/wp-json\/wp\/v2\/media?parent=2014640"}],"curies":[{"name":"wp","href":"https:\/\/api.w.org\/{rel}","templated":true}]}}