{"id":2014630,"date":"2011-10-14T16:59:05","date_gmt":"2011-10-14T12:59:05","guid":{"rendered":"https:\/\/www.hallodubai.com\/?page_id=2014630"},"modified":"2024-03-09T23:36:30","modified_gmt":"2024-03-09T19:36:30","slug":"%d9%85%d8%aa%d8%b1%d9%88-%d8%af%d8%a8%d9%8a","status":"publish","type":"page","link":"https:\/\/www.hallodubai.com\/ar\/%d9%85%d8%aa%d8%b1%d9%88-%d8%af%d8%a8%d9%8a\/","title":{"rendered":"\u0645\u062a\u0631\u0648 \u062f\u0628\u064a"},"content":{"rendered":"<p>Die Dubai Metro wurde am 9. September 2009 von Dubais Herrscher, Seiner Hoheit Scheich Mohammed Bin Rashid Al Maktoum, er\u00f6ffnet. Um genau zu sein, ereignete sich die offizielle Er\u00f6ffnung um 9 Minuten und 9 Sekunden nach 9 Uhr abends.<\/p>\n<p>Geladene G\u00e4ste, VIPS und W\u00fcrdentr\u00e4ger begleiteten Dubais Herrscher auf seiner historischen Einweihungstour. Ein Video von der Er\u00f6ffnung k\u00f6nnt ihr hier<a class=\"blue_links\" href=\"https:\/\/www.facebook.com\/video\/video.php?v=1056412631076&amp;comments\" target=\"_new\" rel=\"noopener\"><strong> auf der Facebook Seite von Dubais Herrscher sehen. <\/strong><\/a>Die gr\u00fcne Linie der Dubaier Metro wurde am 9. September 2011 er\u00f6ffnet, also zwei Jahre nach der roten Linie. <a class=\"blue_links\" href=\"https:\/\/www.hallodubai.com\/blog\/2011\/09\/dubai-metro-video-gruene-linie-eroeffnet\/\" target=\"_new\" rel=\"noopener\">Ein Video der Einweihung der gr\u00fcnen Linie k\u00f6nnt ihr hier in unserem Blog sehen. <\/a><\/p>\n<p class=\"main_font\" align=\"center\"><img decoding=\"async\" loading=\"lazy\" class=\"alignleft\" style=\"margin-left: 10px; margin-right: 10px;\" src=\"https:\/\/www.hallodubai.com\/images\/metro\/opening.jpg\" alt=\"Dubais Herrscher er\u00f6ffnet die Metro\" width=\"230\" height=\"203\" title=\"\"><noscript><img decoding=\"async\" class=\"alignleft\" style=\"margin-left: 10px; margin-right: 10px;\" src=\"https:\/\/www.hallodubai.com\/images\/metro\/opening.jpg\" alt=\"Dubais Herrscher er\u00f6ffnet die Metro\" width=\"230\" height=\"203\" title=\"\"><\/noscript><\/p>\n<p>Der Bau der ultramodernen Dubaier Metro begann im Oktober 2005 und ist die l\u00e4ngste vollautomatisierte und komplett fahrerlose Metro der Welt. Am Bau waren 30.000 Arbeiter w\u00e4hrend 49 Monaten besch\u00e4ftigt. Die Dubaier Metroz\u00fcge sind Mitsubishi Modelle.<\/p>\n<p>Laut Transportbeh\u00f6de hat die Metro 75% mehr Geld gekostet als urspr\u00fcnglich geplant. Sie kostete somit (bisher) stolze 6,28 Milliarden U$!<\/p>\n<p>Das Schienennetzwerk erstreckt sich \u00fcber insgesamt 76 Kilometer. Die &#8220;rote Linie&#8221; ist 52,1 km lang (von Jebel Ali bis nach Rashidiya) und die &#8220;gr\u00fcne Linie&#8221; ist 23,9 km lang und f\u00fchrt von Jaddaf bis nach Al Qusais. Die Dubaier Metro ist mehrheitlich ein sogenannter Skytrain; f\u00e4hrt also \u00fcberirdisch und nicht unterirdisch. Lediglich 12 km der Metro liegen unterirdisch und dies an besonders gesch\u00e4ftigen Orten im Zentrum der Stadt, wo sich keine Alternative bot.<\/p>\n<p>Insgesamt besteht die Metro aus 47 Stationen, jede ist klimatisiert und mit allem Komfort und Shops, Bankomaten etc. ausgestattet. Die rote Linie besteht aus 29 Stationen und die gr\u00fcne aus 18. Zwischen den beiden Metrolinien gibt es nur zwei Schnittstellen: Am Union Square und in der Khalid Bin Waleed Road. Alle Stationen sind auch f\u00fcr Rollstuhlfahrer zug\u00e4nglich. Zudem besteht auf dem kompletten Streckennetz ununterbrochener Handy- und WIFI-Empfang. Bisher gibt es allerdings nur zwei spezielle Metro-Parkings: eines in Rashidiya (Platz f\u00fcr 2700 Autos) und das andere bei der Nakheel Harbour and Tower Station (3000 Autos). Die Metro ist in Dubai mit Sicherheit das einzige umweltfreundliche Massentransportmittel, denn sie produziert keinerlei Luftschadstoffe oder CO2 und wird ausschlie\u00dflich mit Strom betrieben. F\u00fcr die Sicherheit der Passagiere sorgt u.a. das ATP System ( Automatic Train Sytem) das im Notfall alle Metroz\u00fcge hinter dem Notfall stoppt, damit es keinen Zusammensto\u00df geben kann. Die Video\u00fcberwachung aller Stationen und Z\u00fcge bzw. Abteile ist mit 3000 Kameras fl\u00e4chendeckend gew\u00e4hrleistet.<\/p>\n<p><strong>Streckennetz der Dubai Metro mit Routen und Stationen.<\/strong> <iframe class=\"zeen-lazy-load-base zeen-lazy-load\" src=\"about:blank\" data-lazy-src=\"https:\/\/maps.google.com\/maps\/ms?hl=en&amp;ie=UTF8&amp;t=h&amp;msa=0&amp;msid=105644847421017841769.000473dc28f35f30384e3&amp;ll=25.248888,55.303631&amp;spn=0.054342,0.087204&amp;z=13&amp;output=embed\" width=\"508\" height=\"350\" frameborder=\"0\" marginwidth=\"0\" marginheight=\"0\" scrolling=\"no\" data-mce-fragment=\"1\"><\/iframe><noscript><iframe src=\"https:\/\/maps.google.com\/maps\/ms?hl=en&amp;ie=UTF8&amp;t=h&amp;msa=0&amp;msid=105644847421017841769.000473dc28f35f30384e3&amp;ll=25.248888,55.303631&amp;spn=0.054342,0.087204&amp;z=13&amp;output=embed\" width=\"508\" height=\"350\" frameborder=\"0\" marginwidth=\"0\" marginheight=\"0\" scrolling=\"no\" data-mce-fragment=\"1\"><\/iframe><\/noscript><\/p>\n<p>Jeder Metrozug besteht aus f\u00fcnf Abteilen und ist 85 Meter lang. Es gibt Abteile f\u00fcr VIP&#8217;s (Gold Class), f\u00fcr Frauen und Kinder und f\u00fcr die allgemeine \u00d6ffentlichkeit. In den f\u00fcnf Abteilen gibt es 643 Passagierpl\u00e4tze.<\/p>\n<p align=\"center\"><img decoding=\"async\" loading=\"lazy\" class=\"alignleft\" style=\"border: 0pt none; margin-left: 10px; margin-right: 10px;\" src=\"https:\/\/www.hallodubai.com\/images\/metro\/bluemetro.jpg\" alt=\"\" width=\"280\" height=\"214\" border=\"0\" title=\"\"><noscript><img decoding=\"async\" class=\"alignleft\" style=\"border: 0pt none; margin-left: 10px; margin-right: 10px;\" src=\"https:\/\/www.hallodubai.com\/images\/metro\/bluemetro.jpg\" alt=\"\" width=\"280\" height=\"214\" border=\"0\" title=\"\"><\/noscript><\/p>\n<p><span class=\"style6\">Anschlu\u00df an die Dubai <\/span><span class=\"style6\">Metro hat man per Bus, Wassertaxi, Taxi und Fu\u00dfg\u00e4ngerweg.<\/span><\/p>\n<p>Das beste Portal um eure Fahrt mit der Metro von A-Z komplett zu planen, hei\u00dft <a class=\"blue_links\" href=\"https:\/\/wojhati.rta.ae\/dub\/XSLT_TRIP_REQUEST2?language=en\" target=\"_new\" rel=\"noopener\"><strong>WOJHATI. Das ist der offizielle online Routenplaner der Transportbeh\u00f6rde. <\/strong><\/a> Wojhati hei\u00dft soviel wie &#8220;Fahrziel&#8221; auf Arabisch. Gebt dort euren Start- und Endpunkt an und das System berechnet alle Details inklusive Kosten, Anschlussm\u00f6glichkeiten und Zeittabellen. Alle Zeiten sind in REAL TIME.<\/p>\n<p>Wer sich im Voraus mit der Metro vertraut machen will,<strong> sollte unbedingt diese Website besuchen.<\/strong> Eine Virtuelle Tour der neuen Metro k\u00f6nnt ihr machen:<a class=\"blue_links\" href=\"https:\/\/virtualtransport.rta.ae\/\" target=\"_new\" rel=\"noopener\"><strong> komplette virtuelle Tour<\/strong><\/a>. &#8220;Feeder Busse&#8221; (\u00f6ffentliche Busse, die zur Metrostation fahren), operieren fl\u00e4chendeckend in Dubai.<\/p>\n<p><span class=\"style6\"><strong> Fahrzeiten<\/strong> <\/span>Samstag bis Donnerstag: 06.00 &#8211; 23.00 Uhr Freitags: 14.00 &#8211; 24.00 Uhr<\/p>\n<p><strong>Fastenmonat Ramadan:<\/strong> Samstag bis Donnerstag von 06.00 &#8211; 24.00 Uhr Freitags: 14.00 &#8211; 24.00 Uhr<\/p>\n<p><strong>Die Metro f\u00e4hrt momentan im 10-Minuten Intervall.<\/strong><\/p>\n<p align=\"left\"><span class=\"style6\"><strong>Preise und Tickets<\/strong> <img decoding=\"async\" loading=\"lazy\" src=\"https:\/\/www.hallodubai.com\/images\/metro\/nolcards.jpg\" alt=\"\" width=\"280\" height=\"101\" align=\"right\" title=\"\"><noscript><img decoding=\"async\" src=\"https:\/\/www.hallodubai.com\/images\/metro\/nolcards.jpg\" alt=\"\" width=\"280\" height=\"101\" align=\"right\" title=\"\"><\/noscript><\/span><\/p>\n<p>F\u00fcr die Nutzung der Metro sollte man die <strong>&#8220;Nol Card&#8221; <\/strong>kaufen. <strong>Die Karte kann auf allen \u00f6ffentlichen Verkehrsmitteln der Stadt genutzt werden <\/strong>und sie kann direkt bei den Metrostationen gekauft werden. &#8220;Nol&#8221; ist ein altes persisches Wort was soviel wie &#8220;Tarif&#8221; bedeutet. Fahrten mit der Metro kosten zwischen AED 1,80 bis AED 6,50. <strong>F\u00fcr Touristen\/Besucher eignet sich das ROTE TICKET.<\/strong><\/p>\n<p>Es gibt vier unterschiedliche Karten: NOL Silver, NOL Blue, Nol Gold Card und Nol Red Card Ticket. Die Nol Silver Card zum Beipsiel kostet AED 20, wovon AED 14 als Guthaben gelten und AED 6 als Kartenpreis. Die Karte ist 5 Jahre g\u00fcltig und kann je nach Wunsch aufgetoppt werden mit bis zu AED 500.<\/p>\n<p><strong>Kinder:<\/strong> Kinder unter 5 Jahren oder maximal bis 90 cm gro\u00df reisen kostenlos.<strong> Erm\u00e4\u00dfigungen:<\/strong> gelten f\u00fcr Rollstuhlfahrer bzw. Behinderte, Studenten und Passagiere ab 60 Jahren.<strong> Bus + Metro:<\/strong> Die Busfahrt nach der Metro ist kostenlos (zum Endziel), wenn man innerhalb von 30 Minuten nach Ende der Metrofahrt den Bus nimmt.<\/p>\n<p><strong>Tagesticket Preis:<\/strong> (unlimitierte Fahrten) AED 14<\/p>\n<p>Die Metro ist f\u00fcr die Bewohner als auch die zahlreichen Touristen in Dubai eine wahre und preiswerte Alternative. Die Tatsache, da\u00df die Metro nicht unterirdisch ist, ist besonders f\u00fcr Besucher der Stadt ein zus\u00e4tzliches Plus! Da die Metro zudem den Dubaier Flughafen anf\u00e4hrt, kann man per Metro zum Flughafen fahren, bzw. bei Ankunft in Dubai die Metro nehmen.<\/p>\n","protected":false},"excerpt":{"rendered":"<p>Die Dubai Metro wurde am 9. September 2009 von Dubais Herrscher, Seiner Hoheit Scheich Mohammed Bin Rashid Al Maktoum, er\u00f6ffnet. Um genau zu sein, ereignete sich die offizielle Er\u00f6ffnung um 9 Minuten und 9 Sekunden nach 9 Uhr abends. Geladene G\u00e4ste, VIPS und W\u00fcrdentr\u00e4ger begleiteten Dubais Herrscher auf seiner historischen Einweihungstour. Ein Video von der Er\u00f6ffnung k\u00f6nnt ihr hier auf der Facebook Seite von Dubais Herrscher sehen. Die gr\u00fcne Linie der Dubaier Metro wurde am 9. September 2011 er\u00f6ffnet, also [&hellip;]<\/p>\n","protected":false},"author":1,"featured_media":2012235,"parent":0,"menu_order":0,"comment_status":"closed","ping_status":"open","template":"","meta":{"footnotes":""},"class_list":["post-2014630","page","type-page","status-publish","has-post-thumbnail","hentry"],"_links":{"self":[{"href":"https:\/\/www.hallodubai.com\/ar\/wp-json\/wp\/v2\/pages\/2014630","targetHints":{"allow":["GET"]}}],"collection":[{"href":"https:\/\/www.hallodubai.com\/ar\/wp-json\/wp\/v2\/pages"}],"about":[{"href":"https:\/\/www.hallodubai.com\/ar\/wp-json\/wp\/v2\/types\/page"}],"author":[{"embeddable":true,"href":"https:\/\/www.hallodubai.com\/ar\/wp-json\/wp\/v2\/users\/1"}],"replies":[{"embeddable":true,"href":"https:\/\/www.hallodubai.com\/ar\/wp-json\/wp\/v2\/comments?post=2014630"}],"version-history":[{"count":1,"href":"https:\/\/www.hallodubai.com\/ar\/wp-json\/wp\/v2\/pages\/2014630\/revisions"}],"predecessor-version":[{"id":2014631,"href":"https:\/\/www.hallodubai.com\/ar\/wp-json\/wp\/v2\/pages\/2014630\/revisions\/2014631"}],"wp:featuredmedia":[{"embeddable":true,"href":"https:\/\/www.hallodubai.com\/ar\/wp-json\/wp\/v2\/media\/2012235"}],"wp:attachment":[{"href":"https:\/\/www.hallodubai.com\/ar\/wp-json\/wp\/v2\/media?parent=2014630"}],"curies":[{"name":"wp","href":"https:\/\/api.w.org\/{rel}","templated":true}]}}